{"id":171,"date":"2017-08-10T20:30:14","date_gmt":"2017-08-10T18:30:14","guid":{"rendered":"http:\/\/blog.sebastiancuevas.com\/?page_id=171"},"modified":"2021-08-15T19:44:40","modified_gmt":"2021-08-15T17:44:40","slug":"audiovisual","status":"publish","type":"page","link":"http:\/\/blog.sebastiancuevas.com\/?page_id=171","title":{"rendered":"Barrio de la Juder\u00eda"},"content":{"rendered":"<p>Barrio de la Juder\u00eda C\u00f3rdoba<\/p>\n<div style=\"position: relative; height: 0; padding-bottom: 75.0%;\"><iframe loading=\"lazy\" style=\"position: absolute; width: 100%; height: 100%; left: 0;\" src=\"https:\/\/www.youtube.com\/embed\/nQVRQfre6Yo?ecver=2\" width=\"480\" height=\"360\" frameborder=\"0\" allowfullscreen=\"allowfullscreen\"><\/iframe><\/div>\n<hr>\n<hr>\n<p>Barrio de la Juder\u00eda (en fotos)<\/p>\n<div style=\"position: relative; height: 0; padding-bottom: 56.25%;\"><iframe loading=\"lazy\" style=\"position: absolute; width: 100%; height: 100%; left: 0;\" src=\"https:\/\/www.youtube.com\/embed\/6nNUmwaxvWQ?ecver=2\" width=\"640\" height=\"360\" frameborder=\"0\" allowfullscreen=\"allowfullscreen\"><\/iframe><\/div>\n","protected":false},"excerpt":{"rendered":"<p>Barrio de la Juder\u00eda C\u00f3rdoba Barrio de la Juder\u00eda (en fotos)<\/p>\n","protected":false},"author":1,"featured_media":422,"parent":200,"menu_order":0,"comment_status":"closed","ping_status":"closed","template":"","meta":{"footnotes":""},"class_list":["post-171","page","type-page","status-publish","has-post-thumbnail","czr-hentry"],"_links":{"self":[{"href":"http:\/\/blog.sebastiancuevas.com\/index.php?rest_route=\/wp\/v2\/pages\/171"}],"collection":[{"href":"http:\/\/blog.sebastiancuevas.com\/index.php?rest_route=\/wp\/v2\/pages"}],"about":[{"href":"http:\/\/blog.sebastiancuevas.com\/index.php?rest_route=\/wp\/v2\/types\/page"}],"author":[{"embeddable":true,"href":"http:\/\/blog.sebastiancuevas.com\/index.php?rest_route=\/wp\/v2\/users\/1"}],"replies":[{"embeddable":true,"href":"http:\/\/blog.sebastiancuevas.com\/index.php?rest_route=%2Fwp%2Fv2%2Fcomments&post=171"}],"version-history":[{"count":6,"href":"http:\/\/blog.sebastiancuevas.com\/index.php?rest_route=\/wp\/v2\/pages\/171\/revisions"}],"predecessor-version":[{"id":423,"href":"http:\/\/blog.sebastiancuevas.com\/index.php?rest_route=\/wp\/v2\/pages\/171\/revisions\/423"}],"up":[{"embeddable":true,"href":"http:\/\/blog.sebastiancuevas.com\/index.php?rest_route=\/wp\/v2\/pages\/200"}],"wp:featuredmedia":[{"embeddable":true,"href":"http:\/\/blog.sebastiancuevas.com\/index.php?rest_route=\/wp\/v2\/media\/422"}],"wp:attachment":[{"href":"http:\/\/blog.sebastiancuevas.com\/index.php?rest_route=%2Fwp%2Fv2%2Fmedia&parent=171"}],"curies":[{"name":"wp","href":"https:\/\/api.w.org\/{rel}","templated":true}]}}