{"id":386,"date":"2021-08-13T16:08:16","date_gmt":"2021-08-13T14:08:16","guid":{"rendered":"http:\/\/blog.sebastiancuevas.com\/?page_id=386"},"modified":"2022-08-22T19:06:25","modified_gmt":"2022-08-22T17:06:25","slug":"social","status":"publish","type":"page","link":"http:\/\/blog.sebastiancuevas.com\/?page_id=386","title":{"rendered":"Social"},"content":{"rendered":"\r\n<p><strong>CONFERENCIA DE JUAN SERRANO MU\u00d1OZ SOBRE LA \u00abVIDA Y OBRA DE SEBASTI\u00c1N CUEVAS<br \/><\/strong>El pr\u00f3ximo d\u00eda 2 de septiembre, el escritor cordob\u00e9s Juan Serrano Mu\u00f1oz, ofrecer\u00e1 una conferencia bajo el t\u00edtulo de <em>Vida y Obra de Sebasti\u00e1n Cuevas Navarro<\/em> en la Iglesia de la Fuensanta. Se va a celebrar a las 20:30h y es de libre acceso.<br \/>Intentaremos recoger testimonio de este acto de reconocimiento y se lo ofreceremos en esta misma web.\u00a0 La capacidad y dedicaci\u00f3n del ponente nos asegura un acto de gran inter\u00e9s y brillo. (<a href=\"http:\/\/blog.sebastiancuevas.com\/?p=692\" target=\"_blank\" rel=\"noopener\">Leer noticia<\/a>)<br \/><strong><br \/>CICLO DE LECTURA \u00abLEER Y PASEAR\u00bb DE MATILDE CABELLO EN LA BIBLIOTECA CENTRAL DE C\u00d3RDOBA<\/strong><br \/><br \/>El Ciclo de Lectura\u00a0 que con gran \u00e9xito dirige la escritora Matilde Cabello en la Biblioteca Central de C\u00f3rdoba, ha organizado\u00a0 una charla coloquio y un paseo al entorno de donde se ubic\u00f3 la novela de Sebasti\u00e1n Cuevas\u00a0\u00a0\u00abLa Casa de los Muchos\u00bb con asistencia de participantes y familiares del escritor.<strong><br \/><br \/>CENTRO C\u00cdVICO SEBASTI\u00c1N CUEVAS<\/strong><\/p>\r\n\r\n\r\n\r\n<p>En la ciudad de C\u00f3rdoba, por votaci\u00f3n popular y dentro del programa municipal de Participaci\u00f3n Ciudadana, y con posterior acuerdo del pleno, se acord\u00f3 poner su nombre al Centro C\u00edvico Sebasti\u00e1n Cuevas a las instalaciones municipales en el distrito de poniente de la ciudad, en el barrio del Parque de Cruz Conde de C\u00f3rdoba.<\/p>\r\n\r\n\r\n\r\n<p>Sobre las instalaciones del Centro C\u00edvico Sebasti\u00e1n Cuevas tiene <a href=\"https:\/\/participa.cordoba.es\/que-son-los-centros-civicos\/c-c-sebastian\" target=\"_blank\" rel=\"noreferrer noopener\" data-type=\"URL\" data-id=\"https:\/\/participa.cordoba.es\/que-son-los-centros-civicos\/c-c-sebastian\">aqu\u00ed<\/a> m\u00e1s informaci\u00f3n.<\/p>\r\n\r\n\r\n\r\n<p>&nbsp;<\/p>\r\n\r\n\r\n\r\n<p><strong>CALLE ESCRITOR SEBASTI\u00c1N CUEVAS<\/strong><\/p>\r\n\r\n\r\n\r\n<p>El Pleno del Ayuntamiento de C\u00f3rdoba acord\u00f3 poner su nombre a la calle Escritor Sebasti\u00e1n Cuevas donde vivi\u00f3. Situada en el sureste de la ciudad se ubica frente al Centro Comercial El Arc\u00e1ngel. En la que fuera <a href=\"https:\/\/goo.gl\/maps\/e2mw1z6uhYQ89JAe9\" target=\"_blank\" rel=\"noreferrer noopener\" data-type=\"URL\" data-id=\"https:\/\/goo.gl\/maps\/e2mw1z6uhYQ89JAe9\">su casa<\/a> en el numero 6 bajo izquierda es sede de la Asociaci\u00f3n Cultural Sebasti\u00e1n Cuevas<\/p>\r\n\r\n\r\n\r\n<p><strong>CONCURSO DE CUENTOS, RELATOS Y POES\u00cdA SEBASTI\u00c1N CUEVAS<\/strong><\/p>\r\n\r\n\r\n\r\n<p>Durante trece ediciones, la ciudad convoc\u00f3 el citado concurso literario con especial participaci\u00f3n de la comunidad educativa. Cada edici\u00f3n recib\u00eda cientos de participantes que premiados en distintas modalidades fueron muy concurridas. Se incluye <a href=\"http:\/\/blog.sebastiancuevas.com\/wp-content\/uploads\/2021\/08\/13concurso.jpg\" target=\"_blank\" rel=\"noreferrer noopener\" data-type=\"URL\" data-id=\"http:\/\/blog.sebastiancuevas.com\/wp-content\/uploads\/2021\/08\/13concurso.jpg\">link<\/a> al cartel de la edici\u00f3n numero XIII<\/p>\r\n","protected":false},"excerpt":{"rendered":"<p>CONFERENCIA DE JUAN SERRANO MU\u00d1OZ SOBRE LA \u00abVIDA Y OBRA DE SEBASTI\u00c1N CUEVASEl pr\u00f3ximo d\u00eda 2 de septiembre, el escritor cordob\u00e9s Juan Serrano Mu\u00f1oz, ofrecer\u00e1 una conferencia bajo el t\u00edtulo de Vida y Obra de Sebasti\u00e1n Cuevas Navarro en la Iglesia de la Fuensanta. Se va a celebrar a las 20:30h y es de libre [&hellip;]<\/p>\n","protected":false},"author":1,"featured_media":389,"parent":0,"menu_order":0,"comment_status":"closed","ping_status":"closed","template":"","meta":{"footnotes":""},"class_list":["post-386","page","type-page","status-publish","has-post-thumbnail","czr-hentry"],"_links":{"self":[{"href":"http:\/\/blog.sebastiancuevas.com\/index.php?rest_route=\/wp\/v2\/pages\/386"}],"collection":[{"href":"http:\/\/blog.sebastiancuevas.com\/index.php?rest_route=\/wp\/v2\/pages"}],"about":[{"href":"http:\/\/blog.sebastiancuevas.com\/index.php?rest_route=\/wp\/v2\/types\/page"}],"author":[{"embeddable":true,"href":"http:\/\/blog.sebastiancuevas.com\/index.php?rest_route=\/wp\/v2\/users\/1"}],"replies":[{"embeddable":true,"href":"http:\/\/blog.sebastiancuevas.com\/index.php?rest_route=%2Fwp%2Fv2%2Fcomments&post=386"}],"version-history":[{"count":11,"href":"http:\/\/blog.sebastiancuevas.com\/index.php?rest_route=\/wp\/v2\/pages\/386\/revisions"}],"predecessor-version":[{"id":698,"href":"http:\/\/blog.sebastiancuevas.com\/index.php?rest_route=\/wp\/v2\/pages\/386\/revisions\/698"}],"wp:featuredmedia":[{"embeddable":true,"href":"http:\/\/blog.sebastiancuevas.com\/index.php?rest_route=\/wp\/v2\/media\/389"}],"wp:attachment":[{"href":"http:\/\/blog.sebastiancuevas.com\/index.php?rest_route=%2Fwp%2Fv2%2Fmedia&parent=386"}],"curies":[{"name":"wp","href":"https:\/\/api.w.org\/{rel}","templated":true}]}}