{"id":460,"date":"2021-08-17T23:38:34","date_gmt":"2021-08-17T21:38:34","guid":{"rendered":"http:\/\/blog.sebastiancuevas.com\/?page_id=460"},"modified":"2021-08-17T23:51:16","modified_gmt":"2021-08-17T21:51:16","slug":"contacto","status":"publish","type":"page","link":"http:\/\/blog.sebastiancuevas.com\/?page_id=460","title":{"rendered":"Contacto"},"content":{"rendered":"<p><img loading=\"lazy\" decoding=\"async\" class=\"size-medium wp-image-461 aligncenter\" src=\"http:\/\/blog.sebastiancuevas.com\/wp-content\/uploads\/2021\/08\/sebastian_piki-205x300.jpg\" alt=\"Sebasti\u00e1n Cuevas\" width=\"205\" height=\"300\" srcset=\"http:\/\/blog.sebastiancuevas.com\/wp-content\/uploads\/2021\/08\/sebastian_piki-205x300.jpg 205w, http:\/\/blog.sebastiancuevas.com\/wp-content\/uploads\/2021\/08\/sebastian_piki.jpg 300w\" sizes=\"(max-width: 205px) 100vw, 205px\" \/><br \/>\nC\/ Escritor Sebasti\u00e1n Cuevas, 6 Bajo Izquierda.<br \/>\n14010 &#8211; C\u00f3rdoba<br \/>\nMail: info@sebastiancuevas.com<br \/>\nTel\u00e9fono y WhatsApp: +34 661350754<\/p>\n","protected":false},"excerpt":{"rendered":"<p>C\/ Escritor Sebasti\u00e1n Cuevas, 6 Bajo Izquierda. 14010 &#8211; C\u00f3rdoba Mail: info@sebastiancuevas.com Tel\u00e9fono y WhatsApp: +34 661350754<\/p>\n","protected":false},"author":1,"featured_media":461,"parent":0,"menu_order":0,"comment_status":"closed","ping_status":"closed","template":"","meta":{"footnotes":""},"class_list":["post-460","page","type-page","status-publish","has-post-thumbnail","czr-hentry"],"_links":{"self":[{"href":"http:\/\/blog.sebastiancuevas.com\/index.php?rest_route=\/wp\/v2\/pages\/460"}],"collection":[{"href":"http:\/\/blog.sebastiancuevas.com\/index.php?rest_route=\/wp\/v2\/pages"}],"about":[{"href":"http:\/\/blog.sebastiancuevas.com\/index.php?rest_route=\/wp\/v2\/types\/page"}],"author":[{"embeddable":true,"href":"http:\/\/blog.sebastiancuevas.com\/index.php?rest_route=\/wp\/v2\/users\/1"}],"replies":[{"embeddable":true,"href":"http:\/\/blog.sebastiancuevas.com\/index.php?rest_route=%2Fwp%2Fv2%2Fcomments&post=460"}],"version-history":[{"count":2,"href":"http:\/\/blog.sebastiancuevas.com\/index.php?rest_route=\/wp\/v2\/pages\/460\/revisions"}],"predecessor-version":[{"id":466,"href":"http:\/\/blog.sebastiancuevas.com\/index.php?rest_route=\/wp\/v2\/pages\/460\/revisions\/466"}],"wp:featuredmedia":[{"embeddable":true,"href":"http:\/\/blog.sebastiancuevas.com\/index.php?rest_route=\/wp\/v2\/media\/461"}],"wp:attachment":[{"href":"http:\/\/blog.sebastiancuevas.com\/index.php?rest_route=%2Fwp%2Fv2%2Fmedia&parent=460"}],"curies":[{"name":"wp","href":"https:\/\/api.w.org\/{rel}","templated":true}]}}